{"id":230,"date":"2020-04-18T15:42:13","date_gmt":"2020-04-18T15:42:13","guid":{"rendered":"https:\/\/www.mediation-mesa.ch\/?page_id=230"},"modified":"2021-03-02T07:04:39","modified_gmt":"2021-03-02T07:04:39","slug":"online-mediation","status":"publish","type":"page","link":"https:\/\/www.mediation-mesa.ch\/?page_id=230","title":{"rendered":"Online Mediation"},"content":{"rendered":"<div data-colibri-id=\"230-c1\" class=\"style-257 style-local-230-c1 position-relative\">\r\n  <!---->\r\n  <div data-colibri-component=\"section\" data-colibri-id=\"230-c2\" id=\"about\" class=\"h-section h-section-global-spacing d-flex align-items-lg-center align-items-md-center align-items-center style-261 style-local-230-c2 position-relative\">\r\n    <!---->\r\n    <!---->\r\n    <div class=\"h-section-grid-container h-section-boxed-container\">\r\n      <!---->\r\n      <div data-colibri-id=\"230-c3\" class=\"h-row-container gutters-row-lg-0 gutters-row-md-0 gutters-row-0 gutters-row-v-lg-0 gutters-row-v-md-0 gutters-row-v-0 style-262 style-local-230-c3 position-relative\">\r\n        <!---->\r\n        <div class=\"h-row justify-content-lg-center justify-content-md-center justify-content-center align-items-lg-stretch align-items-md-stretch align-items-stretch gutters-col-lg-0 gutters-col-md-0 gutters-col-0 gutters-col-v-lg-0 gutters-col-v-md-0 gutters-col-v-0\">\r\n          <!---->\r\n          <div class=\"h-column h-column-container d-flex h-col-lg-auto h-col-md-auto h-col-auto style-263-outer style-local-230-c4-outer\">\r\n            <div data-colibri-id=\"230-c4\" class=\"d-flex h-flex-basis h-column__inner h-px-lg-0 h-px-md-0 h-px-0 v-inner-lg-0 v-inner-md-0 v-inner-0 style-263 style-local-230-c4 position-relative\">\r\n              <!---->\r\n              <!---->\r\n              <div class=\"w-100 h-y-container h-column__content h-column__v-align flex-basis-100 align-self-lg-start align-self-md-start align-self-start\">\r\n                <!---->\r\n                <div data-colibri-id=\"230-c5\" class=\"h-global-transition-all h-heading style-264 style-local-230-c5 position-relative h-element\">\r\n                  <!---->\r\n                  <div class=\"h-heading__outer style-264 style-local-230-c5\">\r\n                    <!---->\r\n                    <!---->\r\n                    <h5 class=\"\">Neu: Situation Coronavirus!<\/h5>\r\n                  <\/div>\r\n                <\/div>\r\n                <div data-colibri-id=\"230-c6\" class=\"h-global-transition-all h-heading style-265 style-local-230-c6 position-relative h-element\">\r\n                  <!---->\r\n                  <div class=\"h-heading__outer style-265 style-local-230-c6\">\r\n                    <!---->\r\n                    <!---->\r\n                    <h2 class=\"\">Online Mediation<\/h2>\r\n                  <\/div>\r\n                <\/div>\r\n                <div data-colibri-id=\"230-c7\" class=\"h-text h-text-component style-266 style-local-230-c7 position-relative h-element\">\r\n                  <!---->\r\n                  <!---->\r\n                  <div class=\"\">\r\n                    <p><span style=\"color: rgb(70, 112, 127); font-family: &quot;Open Sans&quot;, serif;\">M\u00f6chten Sie mit uns Gespr\u00e4che momentan lieber per Videokonferenz f\u00fchren? Es ist uns klar, dass aufgrund des Lockdowns neue Stress Situationen entstehen.&nbsp; Streitigkeiten, Missverst\u00e4ndnisse und Auseinandersetzungen nehmen massiv zu. In diesen belastenden Situationen sind wir f\u00fcr Sie da. <\/span><\/p>\r\n                    <p><span style=\"color: rgb(70, 112, 127); font-family: &quot;Open Sans&quot;, serif;\">Schreiben sie uns eine Email oder rufen sie uns an! Wir organisieren eine Videokonferenz.<\/span><\/p>\r\n                    <p>\r\n                      <br>\r\n                    <\/p>\r\n                    <p>\r\n                      <br>\r\n                    <\/p>\r\n                  <\/div>\r\n                <\/div>\r\n              <\/div>\r\n            <\/div>\r\n          <\/div>\r\n          <div class=\"h-column h-column-container d-flex h-col-lg-auto h-col-md-auto h-col-auto style-267-outer style-local-230-c8-outer\">\r\n            <div data-colibri-id=\"230-c8\" class=\"d-flex h-flex-basis h-column__inner h-ui-empty-state-container h-px-lg-2 h-px-md-2 h-px-2 v-inner-lg-2 v-inner-md-2 v-inner-2 style-267 style-local-230-c8 position-relative\">\r\n              <!---->\r\n              <!---->\r\n              <div class=\"w-100 h-y-container h-column__content h-column__v-align flex-basis-100\">\r\n                <!---->\r\n              <\/div>\r\n            <\/div>\r\n          <\/div>\r\n        <\/div>\r\n      <\/div>\r\n    <\/div>\r\n  <\/div>\r\n  <div data-colibri-component=\"section\" data-colibri-id=\"230-c9\" id=\"custom\" class=\"h-section h-section-global-spacing d-flex align-items-lg-center align-items-md-center align-items-center style-624 style-local-230-c9 position-relative\">\r\n    <!---->\r\n    <!---->\r\n    <div class=\"h-section-grid-container h-section-boxed-container\">\r\n      <!---->\r\n      <div data-colibri-id=\"230-c10\" class=\"h-row-container gutters-row-lg-2 gutters-row-md-2 gutters-row-0 gutters-row-v-lg-2 gutters-row-v-md-2 gutters-row-v-2 style-627 style-local-230-c10 position-relative\">\r\n        <!---->\r\n        <div class=\"h-row justify-content-lg-center justify-content-md-center justify-content-center align-items-lg-stretch align-items-md-stretch align-items-stretch gutters-col-lg-2 gutters-col-md-2 gutters-col-0 gutters-col-v-lg-2 gutters-col-v-md-2 gutters-col-v-2\">\r\n          <!---->\r\n          <div class=\"h-column h-column-container d-flex h-col-lg-auto h-col-md-auto h-col-auto style-628-outer style-local-230-c11-outer\">\r\n            <div data-colibri-id=\"230-c11\" class=\"d-flex h-flex-basis h-column__inner h-px-lg-2 h-px-md-2 h-px-2 v-inner-lg-2 v-inner-md-2 v-inner-2 style-628 style-local-230-c11 position-relative\">\r\n              <!---->\r\n              <!---->\r\n              <div class=\"w-100 h-y-container h-column__content h-column__v-align flex-basis-100 align-self-lg-start align-self-md-start align-self-start\">\r\n                <!---->\r\n                <div data-colibri-id=\"230-c12\" class=\"h-x-container style-629 style-local-230-c12 position-relative h-element\">\r\n                  <!---->\r\n                  <div class=\"h-x-container-inner style-dynamic-230-c12-group style-629-spacing style-local-230-c12-spacing\"><span class=\"h-link__outer style-630-outer style-local-230-c13-outer d-inline-flex h-element\"><a h-use-smooth-scroll=\"true\" href=\"https:\/\/www.mediation-mesa.ch\/?page_id=32\"  data-colibri-id=\"230-c13\" class=\"d-flex w-100 align-items-center h-link style-630 style-local-230-c13 position-relative\"><!----><!----> <span>Z\u00f6gern sie nicht anzurufen oder eine Email zu schreiben!<\/span><\/a>\r\n                    <\/span>\r\n                  <\/div>\r\n                <\/div>\r\n              <\/div>\r\n            <\/div>\r\n          <\/div>\r\n        <\/div>\r\n      <\/div>\r\n    <\/div>\r\n  <\/div>\r\n  <div data-colibri-component=\"section\" data-colibri-id=\"230-c14\" id=\"custom-2\" class=\"h-section h-section-global-spacing d-flex align-items-lg-center align-items-md-center align-items-center style-631 style-local-230-c14 position-relative\">\r\n    <!---->\r\n    <!---->\r\n    <div class=\"h-section-grid-container h-section-boxed-container\">\r\n      <!---->\r\n      <div data-colibri-id=\"230-c15\" class=\"h-row-container gutters-row-lg-2 gutters-row-md-2 gutters-row-0 gutters-row-v-lg-2 gutters-row-v-md-2 gutters-row-v-2 style-632 style-local-230-c15 position-relative\">\r\n        <!---->\r\n        <div class=\"h-row justify-content-lg-center justify-content-md-center justify-content-center align-items-lg-stretch align-items-md-stretch align-items-stretch gutters-col-lg-2 gutters-col-md-2 gutters-col-0 gutters-col-v-lg-2 gutters-col-v-md-2 gutters-col-v-2\">\r\n          <!---->\r\n          <div class=\"h-column h-column-container d-flex h-col-lg-auto h-col-md-auto h-col-auto style-633-outer style-local-230-c16-outer\">\r\n            <div data-colibri-id=\"230-c16\" class=\"d-flex h-flex-basis h-column__inner h-px-lg-2 h-px-md-2 h-px-2 v-inner-lg-2 v-inner-md-2 v-inner-2 style-633 style-local-230-c16 position-relative\">\r\n              <!---->\r\n              <!---->\r\n              <div class=\"w-100 h-y-container h-column__content h-column__v-align flex-basis-100 align-self-lg-start align-self-md-start align-self-start\">\r\n                <!---->\r\n                <div data-colibri-id=\"230-c17\" class=\"d-block style-634 style-local-230-c17 position-relative h-element\">\r\n                  <!---->\r\n                  <div class=\"h-image__frame-container-outer\">\r\n                    <div class=\"h-image__frame-container\">\r\n                      <!---->\r\n                      <!---->\r\n                      <img loading=\"lazy\" decoding=\"async\" width=\"525\" height=\"604\" src=\"https:\/\/www.mediation-mesa.ch\/wp-content\/uploads\/2020\/04\/MESA-LOGO.jpg\" class=\"wp-image-434 style-634-image style-local-230-c17-image\" alt=\"\" srcset=\"https:\/\/www.mediation-mesa.ch\/wp-content\/uploads\/2020\/04\/MESA-LOGO.jpg 525w, https:\/\/www.mediation-mesa.ch\/wp-content\/uploads\/2020\/04\/MESA-LOGO-261x300.jpg 261w\" sizes=\"auto, (max-width: 525px) 100vw, 525px\" \/>\r\n                      <div class=\"h-image__frame h-hide-lg h-hide-md h-hide-sm style-634-frameImage style-local-230-c17-frameImage\"><\/div>\r\n                    <\/div>\r\n                  <\/div>\r\n                <\/div>\r\n              <\/div>\r\n            <\/div>\r\n          <\/div>\r\n        <\/div>\r\n      <\/div>\r\n    <\/div>\r\n  <\/div>\r\n<\/div>","protected":false},"excerpt":{"rendered":"<p>Neu: Situation Coronavirus! Online Mediation M\u00f6chten Sie mit uns Gespr\u00e4che momentan lieber per Videokonferenz f\u00fchren? Es ist uns klar, dass aufgrund des Lockdowns neue Stress Situationen entstehen.&nbsp; Streitigkeiten, Missverst\u00e4ndnisse und Auseinandersetzungen nehmen massiv zu. In diesen belastenden Situationen sind wir f\u00fcr Sie da. Schreiben sie uns eine Email oder rufen sie uns an! Wir organisieren [&hellip;]<\/p>\n","protected":false},"author":2,"featured_media":0,"parent":0,"menu_order":0,"comment_status":"closed","ping_status":"closed","template":"page-templates\/full-width-page.php","meta":{"footnotes":""},"class_list":["post-230","page","type-page","status-publish","hentry"],"_links":{"self":[{"href":"https:\/\/www.mediation-mesa.ch\/index.php?rest_route=\/wp\/v2\/pages\/230","targetHints":{"allow":["GET"]}}],"collection":[{"href":"https:\/\/www.mediation-mesa.ch\/index.php?rest_route=\/wp\/v2\/pages"}],"about":[{"href":"https:\/\/www.mediation-mesa.ch\/index.php?rest_route=\/wp\/v2\/types\/page"}],"author":[{"embeddable":true,"href":"https:\/\/www.mediation-mesa.ch\/index.php?rest_route=\/wp\/v2\/users\/2"}],"replies":[{"embeddable":true,"href":"https:\/\/www.mediation-mesa.ch\/index.php?rest_route=%2Fwp%2Fv2%2Fcomments&post=230"}],"version-history":[{"count":7,"href":"https:\/\/www.mediation-mesa.ch\/index.php?rest_route=\/wp\/v2\/pages\/230\/revisions"}],"predecessor-version":[{"id":963,"href":"https:\/\/www.mediation-mesa.ch\/index.php?rest_route=\/wp\/v2\/pages\/230\/revisions\/963"}],"wp:attachment":[{"href":"https:\/\/www.mediation-mesa.ch\/index.php?rest_route=%2Fwp%2Fv2%2Fmedia&parent=230"}],"curies":[{"name":"wp","href":"https:\/\/api.w.org\/{rel}","templated":true}]}}